{"id":8,"date":"2025-05-19T08:53:52","date_gmt":"2025-05-19T08:53:52","guid":{"rendered":"https:\/\/grandcafedemolen.webyourservice.nl\/?page_id=8"},"modified":"2025-12-18T12:05:51","modified_gmt":"2025-12-18T10:05:51","slug":"uber-uns","status":"publish","type":"page","link":"https:\/\/bardemolen.nl\/de\/over-ons","title":{"rendered":"\u00dcber uns"},"content":{"rendered":"\t\t<div data-elementor-type=\"wp-post\" data-elementor-id=\"8\" class=\"elementor elementor-8\" data-elementor-post-type=\"page\">\n\t\t\t\t<div class=\"elementor-element elementor-element-09558f1 e-flex e-con-boxed e-con e-parent\" data-id=\"09558f1\" data-element_type=\"container\" data-e-type=\"container\" data-settings=\"{&quot;background_background&quot;:&quot;classic&quot;,&quot;background_motion_fx_motion_fx_scrolling&quot;:&quot;yes&quot;,&quot;background_motion_fx_scale_effect&quot;:&quot;yes&quot;,&quot;background_motion_fx_scale_speed&quot;:{&quot;unit&quot;:&quot;px&quot;,&quot;size&quot;:2,&quot;sizes&quot;:[]},&quot;background_motion_fx_scale_direction&quot;:&quot;out-in&quot;,&quot;background_motion_fx_scale_range&quot;:{&quot;unit&quot;:&quot;%&quot;,&quot;size&quot;:&quot;&quot;,&quot;sizes&quot;:{&quot;start&quot;:20,&quot;end&quot;:80}},&quot;background_motion_fx_devices&quot;:[&quot;desktop&quot;,&quot;tablet&quot;,&quot;mobile&quot;]}\">\n\t\t\t\t\t<div class=\"e-con-inner\">\n\t\t\t\t<div class=\"elementor-element elementor-element-12da5e2 elementor-widget elementor-widget-heading\" data-id=\"12da5e2\" data-element_type=\"widget\" data-e-type=\"widget\" data-widget_type=\"heading.default\">\n\t\t\t\t<div class=\"elementor-widget-container\">\n\t\t\t\t\t<h2 class=\"elementor-heading-title elementor-size-default\">Over ons<\/h2>\t\t\t\t<\/div>\n\t\t\t\t<\/div>\n\t\t\t\t\t<\/div>\n\t\t\t\t<\/div>\n\t\t<div class=\"elementor-element elementor-element-4fca340 e-flex e-con-boxed elementor-invisible e-con e-parent\" data-id=\"4fca340\" data-element_type=\"container\" data-e-type=\"container\" data-settings=\"{&quot;background_background&quot;:&quot;classic&quot;,&quot;animation&quot;:&quot;fadeIn&quot;}\">\n\t\t\t\t\t<div class=\"e-con-inner\">\n\t\t<div class=\"elementor-element elementor-element-a05b214 e-con-full e-flex e-con e-child\" data-id=\"a05b214\" data-element_type=\"container\" data-e-type=\"container\">\n\t\t<div class=\"elementor-element elementor-element-e63f687 e-con-full e-flex e-con e-child\" data-id=\"e63f687\" data-element_type=\"container\" data-e-type=\"container\">\n\t\t\t\t<div class=\"elementor-element elementor-element-1a3902b elementor-widget elementor-widget-heading\" data-id=\"1a3902b\" data-element_type=\"widget\" data-e-type=\"widget\" data-settings=\"{&quot;_animation&quot;:&quot;none&quot;}\" data-widget_type=\"heading.default\">\n\t\t\t\t<div class=\"elementor-widget-container\">\n\t\t\t\t\t<h2 class=\"elementor-heading-title elementor-size-default\">Het leukste biercaf\u00e9 van Volendam\n<\/h2>\t\t\t\t<\/div>\n\t\t\t\t<\/div>\n\t\t\t\t<\/div>\n\t\t\t\t<\/div>\n\t\t<div class=\"elementor-element elementor-element-0673e57 e-con-full e-flex e-con e-child\" data-id=\"0673e57\" data-element_type=\"container\" data-e-type=\"container\">\n\t\t<div class=\"elementor-element elementor-element-4676425 e-con-full e-flex e-con e-child\" data-id=\"4676425\" data-element_type=\"container\" data-e-type=\"container\" data-settings=\"{&quot;background_background&quot;:&quot;classic&quot;}\">\n\t\t\t\t<\/div>\n\t\t<div class=\"elementor-element elementor-element-e6fa343 e-con-full e-flex e-con e-child\" data-id=\"e6fa343\" data-element_type=\"container\" data-e-type=\"container\">\n\t\t<div class=\"elementor-element elementor-element-83eb87b e-con-full e-flex e-con e-child\" data-id=\"83eb87b\" data-element_type=\"container\" data-e-type=\"container\">\n\t\t\t\t<div class=\"elementor-element elementor-element-eb3c56b elementor-widget elementor-widget-text-editor\" data-id=\"eb3c56b\" data-element_type=\"widget\" data-e-type=\"widget\" data-settings=\"{&quot;_animation&quot;:&quot;none&quot;,&quot;_animation_delay&quot;:600}\" data-widget_type=\"text-editor.default\">\n\t\t\t\t<div class=\"elementor-widget-container\">\n\t\t\t\t\t\t\t\t\t<p><span style=\"font-weight: 400;\">Het begint allemaal in 1960. Pietje Mooijer ziet het helemaal zitten: van zijn woonhuis \u2013 op het mooiste plekje ter wereld aan de Volendamse haven \u2013 maakt hij een snackbar. Zijn dochter Marie en schoonzoon Evert staan aan het roer. Al snel groeit hun zaak uit tot d\u00e9 ontmoetingsplek van \u2018t dorp. Hier eet je niet alleen lekker, maar geniet je ook van gezellige borrels tot diep in de nacht.<\/span><\/p><p><span style=\"font-weight: 400;\">Vanaf het allereerste begin trekt deze plek een vaste club stamgasten, sommigen zitten al sinds de jaren zestig iedere week trouw op hun vaste stekkie. Ze horen inmiddels bij het interieur.<\/span><\/p><p><span style=\"font-weight: 400;\">Na tien succesvolle jaren besluiten Marie en Evert in 1970 om hun snackbar om te toveren tot een echt bruin caf\u00e9: Bar de Molen is geboren. Ze zijn hiermee pioniers aan de beroemde Dijk van Volendam, al volgen vele andere caf\u00e9s al snel hun voorbeeld. Zo wordt dit unieke stukje haven steeds levendiger en krijgt het landelijke \u00e9n internationale bekendheid.\u00a0<\/span><\/p>\t\t\t\t\t\t\t\t<\/div>\n\t\t\t\t<\/div>\n\t\t\t\t<\/div>\n\t\t\t\t<\/div>\n\t\t\t\t<\/div>\n\t\t\t\t\t<\/div>\n\t\t\t\t<\/div>\n\t\t<div class=\"elementor-element elementor-element-f74203a e-flex e-con-boxed elementor-invisible e-con e-parent\" data-id=\"f74203a\" data-element_type=\"container\" data-e-type=\"container\" data-settings=\"{&quot;background_background&quot;:&quot;classic&quot;,&quot;animation&quot;:&quot;fadeIn&quot;}\">\n\t\t\t\t\t<div class=\"e-con-inner\">\n\t\t<div class=\"elementor-element elementor-element-e58ebc2 e-con-full e-flex e-con e-child\" data-id=\"e58ebc2\" data-element_type=\"container\" data-e-type=\"container\">\n\t\t<div class=\"elementor-element elementor-element-9b375a0 e-con-full e-flex e-con e-child\" data-id=\"9b375a0\" data-element_type=\"container\" data-e-type=\"container\">\n\t\t<div class=\"elementor-element elementor-element-c3d11f1 e-con-full e-flex e-con e-child\" data-id=\"c3d11f1\" data-element_type=\"container\" data-e-type=\"container\">\n\t\t\t\t<div class=\"elementor-element elementor-element-9fb5c58 elementor-widget elementor-widget-heading\" data-id=\"9fb5c58\" data-element_type=\"widget\" data-e-type=\"widget\" data-settings=\"{&quot;_animation&quot;:&quot;none&quot;}\" data-widget_type=\"heading.default\">\n\t\t\t\t<div class=\"elementor-widget-container\">\n\t\t\t\t\t<h2 class=\"elementor-heading-title elementor-size-default\">Klein, knus en altijd gezellig<\/h2>\t\t\t\t<\/div>\n\t\t\t\t<\/div>\n\t\t\t\t<div class=\"elementor-element elementor-element-586cd20 elementor-widget elementor-widget-text-editor\" data-id=\"586cd20\" data-element_type=\"widget\" data-e-type=\"widget\" data-settings=\"{&quot;_animation&quot;:&quot;none&quot;,&quot;_animation_delay&quot;:600}\" data-widget_type=\"text-editor.default\">\n\t\t\t\t<div class=\"elementor-widget-container\">\n\t\t\t\t\t\t\t\t\t<p><span style=\"font-weight: 400;\">Wanneer Evert \u201cvan de Molen\u201d in 1975 gezondheidsproblemen krijgt, neemt Klaas Dekker (uit de bekende muzikantenfamilie Veerman \u2018Dekker\u2019) de zaak over. Twaalf jaar later is het de beurt aan Kees Sier, die er al jaren werkte. Onder zijn leiding krijgt Bar de Molen een flinke update. Hij bouwt een sfeervolle serre aan de voorkant met een volledig te openen pui. Ideaal om het prachtige uitzicht over het IJsselmeer nog beter te beleven. Verder verandert er weinig. Gelukkig maar.<\/span><\/p><p><span style=\"font-weight: 400;\">Vandaag de dag is Bar de Molen nog altijd een klein, knus en authentiek bruin caf\u00e9. Een plek waar iedereen welkom is: jong en oud, student en bouwvakker, visser en zakenman. En natuurlijk toeristen, die vanaf het gezellige terras volop genieten van de haven en het bruisende leven eromheen.<\/span><\/p>\t\t\t\t\t\t\t\t<\/div>\n\t\t\t\t<\/div>\n\t\t\t\t<\/div>\n\t\t\t\t<\/div>\n\t\t<div class=\"elementor-element elementor-element-4b8d6cb e-con-full e-flex e-con e-child\" data-id=\"4b8d6cb\" data-element_type=\"container\" data-e-type=\"container\" data-settings=\"{&quot;background_background&quot;:&quot;classic&quot;}\">\n\t\t\t\t<\/div>\n\t\t\t\t<\/div>\n\t\t\t\t\t<\/div>\n\t\t\t\t<\/div>\n\t\t<div class=\"elementor-element elementor-element-44da79a e-flex e-con-boxed elementor-invisible e-con e-parent\" data-id=\"44da79a\" data-element_type=\"container\" data-e-type=\"container\" data-settings=\"{&quot;background_background&quot;:&quot;classic&quot;,&quot;animation&quot;:&quot;fadeIn&quot;}\">\n\t\t\t\t\t<div class=\"e-con-inner\">\n\t\t<div class=\"elementor-element elementor-element-d748b49 e-con-full e-flex e-con e-child\" data-id=\"d748b49\" data-element_type=\"container\" data-e-type=\"container\">\n\t\t<div class=\"elementor-element elementor-element-db3f5ff e-con-full e-flex e-con e-child\" data-id=\"db3f5ff\" data-element_type=\"container\" data-e-type=\"container\">\n\t\t<div class=\"elementor-element elementor-element-82592cd e-con-full e-flex e-con e-child\" data-id=\"82592cd\" data-element_type=\"container\" data-e-type=\"container\">\n\t\t\t\t<div class=\"elementor-element elementor-element-9673bd9 elementor-widget elementor-widget-heading\" data-id=\"9673bd9\" data-element_type=\"widget\" data-e-type=\"widget\" data-settings=\"{&quot;_animation&quot;:&quot;none&quot;}\" data-widget_type=\"heading.default\">\n\t\t\t\t<div class=\"elementor-widget-container\">\n\t\t\t\t\t<h2 class=\"elementor-heading-title elementor-size-default\">Nieuwe energie, vertrouwde sfeer <\/h2>\t\t\t\t<\/div>\n\t\t\t\t<\/div>\n\t\t\t\t<div class=\"elementor-element elementor-element-57579e8 elementor-widget elementor-widget-text-editor\" data-id=\"57579e8\" data-element_type=\"widget\" data-e-type=\"widget\" data-settings=\"{&quot;_animation&quot;:&quot;none&quot;,&quot;_animation_delay&quot;:600}\" data-widget_type=\"text-editor.default\">\n\t\t\t\t<div class=\"elementor-widget-container\">\n\t\t\t\t\t\t\t\t\t<p><span style=\"font-weight: 400;\">In 2012 dragen Kees en Bep de zaak met vertrouwen over aan buurman Danny (van restaurant De Dijk). Met hun komst krijgt het caf\u00e9 weer frisse energie, zonder afscheid te nemen van de oude vertrouwde gezelligheid. Ze organiseren regelmatig live-optredens met lokale muzikanten, wijn- en bierproeverijen, de inmiddels beroemde High Beer en High Wine, pubquizzen en allerlei sfeervolle thema-avonden.<\/span><\/p><p><span style=\"font-weight: 400;\">Ook heeft De Molen zich gespecialiseerd in bijzondere speciaalbieren. Inmiddels is het caf\u00e9 in heel Waterland bekend om de indrukwekkende bierkaart \u00e9n heeft De Molen zelfs zijn eigen brouwerij: Bierbrouwerij Volendam.<\/span><\/p><p><span style=\"font-weight: 400;\">Kom gerust eens langs en ervaar zelf waarom de Molen al meer dan 60 jaar een begrip is in Volendam en ver daarbuiten!<\/span><\/p>\t\t\t\t\t\t\t\t<\/div>\n\t\t\t\t<\/div>\n\t\t\t\t<\/div>\n\t\t\t\t<\/div>\n\t\t<div class=\"elementor-element elementor-element-177b630 e-con-full e-flex e-con e-child\" data-id=\"177b630\" data-element_type=\"container\" data-e-type=\"container\" data-settings=\"{&quot;background_background&quot;:&quot;classic&quot;}\">\n\t\t\t\t<\/div>\n\t\t\t\t<\/div>\n\t\t\t\t\t<\/div>\n\t\t\t\t<\/div>\n\t\t<div class=\"elementor-element elementor-element-17c40f5 e-flex e-con-boxed e-con e-parent\" data-id=\"17c40f5\" data-element_type=\"container\" data-e-type=\"container\" data-settings=\"{&quot;background_background&quot;:&quot;classic&quot;}\">\n\t\t\t\t\t<div class=\"e-con-inner\">\n\t\t<div class=\"elementor-element elementor-element-76d9cbe e-con-full e-flex e-con e-child\" data-id=\"76d9cbe\" data-element_type=\"container\" data-e-type=\"container\">\n\t\t<div class=\"elementor-element elementor-element-4ca91d8 e-con-full e-flex e-con e-child\" data-id=\"4ca91d8\" data-element_type=\"container\" data-e-type=\"container\">\n\t\t<div class=\"elementor-element elementor-element-1dcb40f e-con-full e-flex e-con e-child\" data-id=\"1dcb40f\" data-element_type=\"container\" data-e-type=\"container\">\n\t\t\t\t<div class=\"elementor-element elementor-element-564e835 elementor-widget elementor-widget-heading\" data-id=\"564e835\" data-element_type=\"widget\" data-e-type=\"widget\" data-widget_type=\"heading.default\">\n\t\t\t\t<div class=\"elementor-widget-container\">\n\t\t\t\t\t<h2 class=\"elementor-heading-title elementor-size-default\">sfeerimpressie<\/h2>\t\t\t\t<\/div>\n\t\t\t\t<\/div>\n\t\t\t\t<\/div>\n\t\t<div class=\"elementor-element elementor-element-c93c330 e-con-full e-flex e-con e-child\" data-id=\"c93c330\" data-element_type=\"container\" data-e-type=\"container\">\n\t\t\t\t<div class=\"elementor-element elementor-element-805f4c6 elementor-align-right elementor-mobile-align-center elementor-widget elementor-widget-button\" data-id=\"805f4c6\" data-element_type=\"widget\" data-e-type=\"widget\" data-widget_type=\"button.default\">\n\t\t\t\t<div class=\"elementor-widget-container\">\n\t\t\t\t\t\t\t\t\t<div class=\"elementor-button-wrapper\">\n\t\t\t\t\t<a class=\"elementor-button elementor-button-link elementor-size-sm\" href=\"https:\/\/bardemolen.nl\/contact\/\">\n\t\t\t\t\t\t<span class=\"elementor-button-content-wrapper\">\n\t\t\t\t\t\t\t\t\t<span class=\"elementor-button-text\">Reserveer je tafel <\/span>\n\t\t\t\t\t<\/span>\n\t\t\t\t\t<\/a>\n\t\t\t\t<\/div>\n\t\t\t\t\t\t\t\t<\/div>\n\t\t\t\t<\/div>\n\t\t\t\t<\/div>\n\t\t\t\t<\/div>\n\t\t\t\t<\/div>\n\t\t\t\t\t<\/div>\n\t\t\t\t<\/div>\n\t\t<div class=\"elementor-element elementor-element-0eab865 e-con-full e-flex e-con e-parent\" data-id=\"0eab865\" data-element_type=\"container\" data-e-type=\"container\">\n\t\t\t\t<div class=\"elementor-element elementor-element-f16689b elementor-widget elementor-widget-image\" data-id=\"f16689b\" data-element_type=\"widget\" data-e-type=\"widget\" data-widget_type=\"image.default\">\n\t\t\t\t<div class=\"elementor-widget-container\">\n\t\t\t\t\t\t\t\t\t\t\t\t\t\t\t<img fetchpriority=\"high\" decoding=\"async\" width=\"1920\" height=\"843\" src=\"https:\/\/bardemolen.nl\/wp-content\/uploads\/2025\/07\/bar-de-molen-volendam.png\" class=\"attachment-full size-full wp-image-1232\" alt=\"\" srcset=\"https:\/\/bardemolen.nl\/wp-content\/uploads\/2025\/07\/bar-de-molen-volendam.png 1920w, https:\/\/bardemolen.nl\/wp-content\/uploads\/2025\/07\/bar-de-molen-volendam-300x132.png 300w, https:\/\/bardemolen.nl\/wp-content\/uploads\/2025\/07\/bar-de-molen-volendam-1024x450.png 1024w, https:\/\/bardemolen.nl\/wp-content\/uploads\/2025\/07\/bar-de-molen-volendam-768x337.png 768w, https:\/\/bardemolen.nl\/wp-content\/uploads\/2025\/07\/bar-de-molen-volendam-1536x674.png 1536w\" sizes=\"(max-width: 1920px) 100vw, 1920px\" \/>\t\t\t\t\t\t\t\t\t\t\t\t\t\t\t<\/div>\n\t\t\t\t<\/div>\n\t\t\t\t<\/div>\n\t\t\t\t<\/div>\n\t\t","protected":false},"excerpt":{"rendered":"<p>Het leukste biercaf\u00e9 van Volendam Het begint allemaal in 1960. Pietje Mooijer ziet het helemaal zitten: van zijn woonhuis \u2013 op het mooiste plekje ter wereld aan de Volendamse haven \u2013 maakt hij een snackbar. Zijn dochter Marie en schoonzoon Evert staan aan het roer. Al snel groeit hun zaak uit tot d\u00e9 ontmoetingsplek van [&hellip;]<\/p>\n","protected":false},"author":1,"featured_media":0,"parent":0,"menu_order":0,"comment_status":"closed","ping_status":"closed","template":"","meta":{"footnotes":""},"class_list":["post-8","page","type-page","status-publish","hentry"],"yoast_head":"<!-- This site is optimized with the Yoast SEO plugin v27.5 - https:\/\/yoast.com\/product\/yoast-seo-wordpress\/ -->\n<title>Over ons | Bar de Molen<\/title>\n<meta name=\"description\" content=\"Bar de Molen is een bruin caf\u00e9 op de Volendammer dijk. Bekend om de grootste bierkaart en gezelligheid. Lees meer over ons.\" \/>\n<meta name=\"robots\" content=\"index, follow, max-snippet:-1, max-image-preview:large, max-video-preview:-1\" \/>\n<link rel=\"canonical\" href=\"https:\/\/bardemolen.nl\/de\/uber-uns\/\" \/>\n<meta property=\"og:locale\" content=\"de_DE\" \/>\n<meta property=\"og:type\" content=\"article\" \/>\n<meta property=\"og:title\" content=\"Over ons | Bar de Molen\" \/>\n<meta property=\"og:description\" content=\"Bar de Molen is een bruin caf\u00e9 op de Volendammer dijk. Bekend om de grootste bierkaart en gezelligheid. Lees meer over ons.\" \/>\n<meta property=\"og:url\" content=\"https:\/\/bardemolen.nl\/de\/uber-uns\/\" \/>\n<meta property=\"og:site_name\" content=\"Bar de Molen\" \/>\n<meta property=\"article:modified_time\" content=\"2025-12-18T10:05:51+00:00\" \/>\n<meta property=\"og:image\" content=\"https:\/\/bardemolen.nl\/wp-content\/uploads\/2025\/07\/bar-de-molen-volendam-1024x450.png\" \/>\n\t<meta property=\"og:image:width\" content=\"1024\" \/>\n\t<meta property=\"og:image:height\" content=\"450\" \/>\n\t<meta property=\"og:image:type\" content=\"image\/png\" \/>\n<meta name=\"twitter:card\" content=\"summary_large_image\" \/>\n<meta name=\"twitter:label1\" content=\"Gesch\u00e4tzte Lesezeit\" \/>\n\t<meta name=\"twitter:data1\" content=\"3\u00a0Minuten\" \/>\n<script type=\"application\/ld+json\" class=\"yoast-schema-graph\">{\"@context\":\"https:\\\/\\\/schema.org\",\"@graph\":[{\"@type\":\"WebPage\",\"@id\":\"https:\\\/\\\/bardemolen.nl\\\/over-ons\",\"url\":\"https:\\\/\\\/bardemolen.nl\\\/over-ons\",\"name\":\"Over ons | Bar de Molen\",\"isPartOf\":{\"@id\":\"https:\\\/\\\/bardemolen.nl\\\/zh\\\/#website\"},\"primaryImageOfPage\":{\"@id\":\"https:\\\/\\\/bardemolen.nl\\\/over-ons#primaryimage\"},\"image\":{\"@id\":\"https:\\\/\\\/bardemolen.nl\\\/over-ons#primaryimage\"},\"thumbnailUrl\":\"https:\\\/\\\/bardemolen.nl\\\/wp-content\\\/uploads\\\/2025\\\/07\\\/bar-de-molen-volendam.png\",\"datePublished\":\"2025-05-19T08:53:52+00:00\",\"dateModified\":\"2025-12-18T10:05:51+00:00\",\"description\":\"Bar de Molen is een bruin caf\u00e9 op de Volendammer dijk. Bekend om de grootste bierkaart en gezelligheid. Lees meer over ons.\",\"breadcrumb\":{\"@id\":\"https:\\\/\\\/bardemolen.nl\\\/over-ons#breadcrumb\"},\"inLanguage\":\"de\",\"potentialAction\":[{\"@type\":\"ReadAction\",\"target\":[\"https:\\\/\\\/bardemolen.nl\\\/over-ons\"]}]},{\"@type\":\"ImageObject\",\"inLanguage\":\"de\",\"@id\":\"https:\\\/\\\/bardemolen.nl\\\/over-ons#primaryimage\",\"url\":\"https:\\\/\\\/bardemolen.nl\\\/wp-content\\\/uploads\\\/2025\\\/07\\\/bar-de-molen-volendam.png\",\"contentUrl\":\"https:\\\/\\\/bardemolen.nl\\\/wp-content\\\/uploads\\\/2025\\\/07\\\/bar-de-molen-volendam.png\"},{\"@type\":\"BreadcrumbList\",\"@id\":\"https:\\\/\\\/bardemolen.nl\\\/over-ons#breadcrumb\",\"itemListElement\":[{\"@type\":\"ListItem\",\"position\":1,\"name\":\"Home\",\"item\":\"https:\\\/\\\/bardemolen.nl\\\/\"},{\"@type\":\"ListItem\",\"position\":2,\"name\":\"Over ons\"}]},{\"@type\":\"WebSite\",\"@id\":\"https:\\\/\\\/bardemolen.nl\\\/zh\\\/#website\",\"url\":\"https:\\\/\\\/bardemolen.nl\\\/zh\\\/\",\"name\":\"Bar de Molen\",\"description\":\"\",\"publisher\":{\"@id\":\"https:\\\/\\\/bardemolen.nl\\\/zh\\\/#organization\"},\"potentialAction\":[{\"@type\":\"SearchAction\",\"target\":{\"@type\":\"EntryPoint\",\"urlTemplate\":\"https:\\\/\\\/bardemolen.nl\\\/zh\\\/?s={search_term_string}\"},\"query-input\":{\"@type\":\"PropertyValueSpecification\",\"valueRequired\":true,\"valueName\":\"search_term_string\"}}],\"inLanguage\":\"de\"},{\"@type\":\"Organization\",\"@id\":\"https:\\\/\\\/bardemolen.nl\\\/zh\\\/#organization\",\"name\":\"Bar de Molen\",\"url\":\"https:\\\/\\\/bardemolen.nl\\\/zh\\\/\",\"logo\":{\"@type\":\"ImageObject\",\"inLanguage\":\"de\",\"@id\":\"https:\\\/\\\/bardemolen.nl\\\/zh\\\/#\\\/schema\\\/logo\\\/image\\\/\",\"url\":\"https:\\\/\\\/bardemolen.nl\\\/wp-content\\\/uploads\\\/2025\\\/05\\\/BardeMolen_logo-nieuw.png\",\"contentUrl\":\"https:\\\/\\\/bardemolen.nl\\\/wp-content\\\/uploads\\\/2025\\\/05\\\/BardeMolen_logo-nieuw.png\",\"width\":441,\"height\":280,\"caption\":\"Bar de Molen\"},\"image\":{\"@id\":\"https:\\\/\\\/bardemolen.nl\\\/zh\\\/#\\\/schema\\\/logo\\\/image\\\/\"}}]}<\/script>\n<!-- \/ Yoast SEO plugin. -->","yoast_head_json":{"title":"\u00dcber uns | Bar de Molen","description":"Bar de Molen ist eine braune Kneipe auf dem Volendamer Deich. Sie ist bekannt f\u00fcr ihre gro\u00dfe Bierkarte und ihre Gem\u00fctlichkeit. Lesen Sie mehr \u00fcber uns.","robots":{"index":"index","follow":"follow","max-snippet":"max-snippet:-1","max-image-preview":"max-image-preview:large","max-video-preview":"max-video-preview:-1"},"canonical":"https:\/\/bardemolen.nl\/de\/uber-uns\/","og_locale":"de_DE","og_type":"article","og_title":"Over ons | Bar de Molen","og_description":"Bar de Molen is een bruin caf\u00e9 op de Volendammer dijk. Bekend om de grootste bierkaart en gezelligheid. Lees meer over ons.","og_url":"https:\/\/bardemolen.nl\/de\/uber-uns\/","og_site_name":"Bar de Molen","article_modified_time":"2025-12-18T10:05:51+00:00","og_image":[{"width":1024,"height":450,"url":"https:\/\/bardemolen.nl\/wp-content\/uploads\/2025\/07\/bar-de-molen-volendam-1024x450.png","type":"image\/png"}],"twitter_card":"summary_large_image","twitter_misc":{"Gesch\u00e4tzte Lesezeit":"3\u00a0Minuten"},"schema":{"@context":"https:\/\/schema.org","@graph":[{"@type":"WebPage","@id":"https:\/\/bardemolen.nl\/over-ons","url":"https:\/\/bardemolen.nl\/over-ons","name":"\u00dcber uns | Bar de Molen","isPartOf":{"@id":"https:\/\/bardemolen.nl\/zh\/#website"},"primaryImageOfPage":{"@id":"https:\/\/bardemolen.nl\/over-ons#primaryimage"},"image":{"@id":"https:\/\/bardemolen.nl\/over-ons#primaryimage"},"thumbnailUrl":"https:\/\/bardemolen.nl\/wp-content\/uploads\/2025\/07\/bar-de-molen-volendam.png","datePublished":"2025-05-19T08:53:52+00:00","dateModified":"2025-12-18T10:05:51+00:00","description":"Bar de Molen ist eine braune Kneipe auf dem Volendamer Deich. Sie ist bekannt f\u00fcr ihre gro\u00dfe Bierkarte und ihre Gem\u00fctlichkeit. Lesen Sie mehr \u00fcber uns.","breadcrumb":{"@id":"https:\/\/bardemolen.nl\/over-ons#breadcrumb"},"inLanguage":"de","potentialAction":[{"@type":"ReadAction","target":["https:\/\/bardemolen.nl\/over-ons"]}]},{"@type":"ImageObject","inLanguage":"de","@id":"https:\/\/bardemolen.nl\/over-ons#primaryimage","url":"https:\/\/bardemolen.nl\/wp-content\/uploads\/2025\/07\/bar-de-molen-volendam.png","contentUrl":"https:\/\/bardemolen.nl\/wp-content\/uploads\/2025\/07\/bar-de-molen-volendam.png"},{"@type":"BreadcrumbList","@id":"https:\/\/bardemolen.nl\/over-ons#breadcrumb","itemListElement":[{"@type":"ListItem","position":1,"name":"Home","item":"https:\/\/bardemolen.nl\/"},{"@type":"ListItem","position":2,"name":"Over ons"}]},{"@type":"WebSite","@id":"https:\/\/bardemolen.nl\/zh\/#website","url":"https:\/\/bardemolen.nl\/zh\/","name":"Bar de Molen","description":"","publisher":{"@id":"https:\/\/bardemolen.nl\/zh\/#organization"},"potentialAction":[{"@type":"SearchAction","target":{"@type":"EntryPoint","urlTemplate":"https:\/\/bardemolen.nl\/zh\/?s={search_term_string}"},"query-input":{"@type":"PropertyValueSpecification","valueRequired":true,"valueName":"search_term_string"}}],"inLanguage":"de"},{"@type":"Organization","@id":"https:\/\/bardemolen.nl\/zh\/#organization","name":"Bar de Molen","url":"https:\/\/bardemolen.nl\/zh\/","logo":{"@type":"ImageObject","inLanguage":"de","@id":"https:\/\/bardemolen.nl\/zh\/#\/schema\/logo\/image\/","url":"https:\/\/bardemolen.nl\/wp-content\/uploads\/2025\/05\/BardeMolen_logo-nieuw.png","contentUrl":"https:\/\/bardemolen.nl\/wp-content\/uploads\/2025\/05\/BardeMolen_logo-nieuw.png","width":441,"height":280,"caption":"Bar de Molen"},"image":{"@id":"https:\/\/bardemolen.nl\/zh\/#\/schema\/logo\/image\/"}}]}},"_links":{"self":[{"href":"https:\/\/bardemolen.nl\/de\/wp-json\/wp\/v2\/pages\/8","targetHints":{"allow":["GET"]}}],"collection":[{"href":"https:\/\/bardemolen.nl\/de\/wp-json\/wp\/v2\/pages"}],"about":[{"href":"https:\/\/bardemolen.nl\/de\/wp-json\/wp\/v2\/types\/page"}],"author":[{"embeddable":true,"href":"https:\/\/bardemolen.nl\/de\/wp-json\/wp\/v2\/users\/1"}],"replies":[{"embeddable":true,"href":"https:\/\/bardemolen.nl\/de\/wp-json\/wp\/v2\/comments?post=8"}],"version-history":[{"count":5,"href":"https:\/\/bardemolen.nl\/de\/wp-json\/wp\/v2\/pages\/8\/revisions"}],"predecessor-version":[{"id":1839,"href":"https:\/\/bardemolen.nl\/de\/wp-json\/wp\/v2\/pages\/8\/revisions\/1839"}],"wp:attachment":[{"href":"https:\/\/bardemolen.nl\/de\/wp-json\/wp\/v2\/media?parent=8"}],"curies":[{"name":"Welt","href":"https:\/\/api.w.org\/{rel}","templated":true}]}}